{"id":233,"date":"2017-11-14T09:35:01","date_gmt":"2017-11-14T09:35:01","guid":{"rendered":"https:\/\/www.taboryselitou.cz\/?page_id=233"},"modified":"2025-06-17T11:34:42","modified_gmt":"2025-06-17T11:34:42","slug":"vedouci","status":"publish","type":"page","link":"https:\/\/www.taboryselitou.cz\/index.php\/vedouci\/","title":{"rendered":"Vedouc\u00ed"},"content":{"rendered":"<div class=\"wpb-content-wrapper\"><p>[vc_row][vc_column][vc_column_text]<\/p>\n<h6 style=\"text-align: center;\">Hlavn\u00ed vedouc\u00ed<\/h6>\n<p>[\/vc_column_text][\/vc_column][\/vc_row][vc_row][vc_column][vc_empty_space hide_on_desktop=&#8221;&#8221; hide_on_notebook=&#8221;&#8221; hide_on_tablet=&#8221;&#8221; hide_on_mobile=&#8221;&#8221;]<div id=\"sc_services_244703108\" class=\"sc_services color_style_default sc_services_extra sc_services_featured_top .team-member a {   pointer-events: none;   text-decoration: none;   color: inherit; }\"><div class=\"sc_services_columns_wrap sc_item_columns sc_item_columns_2 trx_addons_columns_wrap columns_padding_bottom\"><div class=\"trx_addons_column-1_2\">\n<div  style=\"background-image: url(https:\/\/www.taboryselitou.cz\/wp-content\/uploads\/2023\/11\/IMG_4597.jpg);\"\tclass=\"sc_services_item\">\n\t<div class=\"sc_services_item_info\">\n\t\t<div class=\"sc_services_item_header\">\n\t\t\t<h4 class=\"sc_services_item_title\"><a href=\"https:\/\/www.taboryselitou.cz\/index.php\/team\/eliska\/\">Eli\u0161ka Jirkov\u00e1<\/a><\/h4>\n\t\t\t<div class=\"sc_services_item_subtitle\"><\/div>\n\t\t<\/div>\n\t\t<div class=\"sc_services_item_content\"><p>Z\u00c1STUPCE HLAVN\u00cdHO VEDOUC\u00cdHO<br \/>\na organiz\u00e1torka celot\u00e1borov\u00fdch her.<\/p>\n<\/div>\n\t<\/div>\n<\/div>\n<\/div><div class=\"trx_addons_column-1_2\">\n<div  style=\"background-image: url(https:\/\/www.taboryselitou.cz\/wp-content\/uploads\/2023\/11\/IMG_4593-1.jpg);\"\tclass=\"sc_services_item\">\n\t<div class=\"sc_services_item_info\">\n\t\t<div class=\"sc_services_item_header\">\n\t\t\t<h4 class=\"sc_services_item_title\"><a href=\"https:\/\/www.taboryselitou.cz\/index.php\/team\/berny\/\">Zden\u011bk Bernard<\/a><\/h4>\n\t\t\t<div class=\"sc_services_item_subtitle\"><\/div>\n\t\t<\/div>\n\t\t<div class=\"sc_services_item_content\"><p>HLAVN\u00cd VEDOUC\u00cd T\u00c1BORA<\/p>\n<\/div>\n\t<\/div>\n<\/div>\n<\/div><\/div><\/div><!-- \/.sc_services -->[\/vc_column][\/vc_row][vc_row][vc_column][\/vc_column][\/vc_row]<\/p>\n<\/div>","protected":false},"excerpt":{"rendered":"<p>[vc_row][vc_column][vc_column_text] Hlavn\u00ed vedouc\u00ed [\/vc_column_text][\/vc_column][\/vc_row][vc_row][vc_column][vc_empty_space hide_on_desktop=&#8221;&#8221; hide_on_notebook=&#8221;&#8221; hide_on_tablet=&#8221;&#8221; hide_on_mobile=&#8221;&#8221;][\/vc_column][\/vc_row][vc_row][vc_column][\/vc_column][\/vc_row]<\/p>\n","protected":false},"author":1,"featured_media":0,"parent":0,"menu_order":0,"comment_status":"closed","ping_status":"closed","template":"","meta":{"footnotes":""},"class_list":["post-233","page","type-page","status-publish","hentry"],"jetpack_sharing_enabled":true,"_links":{"self":[{"href":"https:\/\/www.taboryselitou.cz\/index.php\/wp-json\/wp\/v2\/pages\/233","targetHints":{"allow":["GET"]}}],"collection":[{"href":"https:\/\/www.taboryselitou.cz\/index.php\/wp-json\/wp\/v2\/pages"}],"about":[{"href":"https:\/\/www.taboryselitou.cz\/index.php\/wp-json\/wp\/v2\/types\/page"}],"author":[{"embeddable":true,"href":"https:\/\/www.taboryselitou.cz\/index.php\/wp-json\/wp\/v2\/users\/1"}],"replies":[{"embeddable":true,"href":"https:\/\/www.taboryselitou.cz\/index.php\/wp-json\/wp\/v2\/comments?post=233"}],"version-history":[{"count":16,"href":"https:\/\/www.taboryselitou.cz\/index.php\/wp-json\/wp\/v2\/pages\/233\/revisions"}],"predecessor-version":[{"id":2723,"href":"https:\/\/www.taboryselitou.cz\/index.php\/wp-json\/wp\/v2\/pages\/233\/revisions\/2723"}],"wp:attachment":[{"href":"https:\/\/www.taboryselitou.cz\/index.php\/wp-json\/wp\/v2\/media?parent=233"}],"curies":[{"name":"wp","href":"https:\/\/api.w.org\/{rel}","templated":true}]}}