{"id":289,"date":"2017-11-14T13:30:09","date_gmt":"2017-11-14T13:30:09","guid":{"rendered":"https:\/\/www.taboryselitou.cz\/?page_id=289"},"modified":"2026-03-23T09:44:14","modified_gmt":"2026-03-23T09:44:14","slug":"home-1","status":"publish","type":"page","link":"https:\/\/www.taboryselitou.cz\/","title":{"rendered":"Home 1"},"content":{"rendered":"<div class=\"wpb-content-wrapper\"><p>[vc_row][vc_column fix_column=&#8221;&#8221; hide_bg_image_on_tablet=&#8221;&#8221; hide_bg_image_on_mobile=&#8221;&#8221; el_id=&#8221;#areal&#8221;][vc_row_inner][vc_column_inner]\n\t\t\t<!-- START main REVOLUTION SLIDER 6.6.15 --><p class=\"rs-p-wp-fix\"><\/p>\n\t\t\t<rs-module-wrap id=\"rev_slider_1_1_wrapper\" data-source=\"gallery\" style=\"visibility:hidden;background:transparent;padding:0;margin:0px auto;margin-top:0px;margin-bottom:0px;\">\n\t\t\t\t<rs-module id=\"rev_slider_1_1\" style=\"\" data-version=\"6.6.15\">\n\t\t\t\t\t<rs-slides style=\"overflow: hidden; position: absolute;\">\n\t\t\t\t\t\t<rs-slide style=\"position: absolute;\" data-key=\"rs-2\" data-title=\"Slide\" data-anim=\"adpr:false;\" data-in=\"o:0;\" data-out=\"a:false;\">\n\t\t\t\t\t\t\t<img data-recalc-dims=\"1\" decoding=\"async\" src=\"https:\/\/i0.wp.com\/www.taboryselitou.cz\/wp-content\/plugins\/revslider\/public\/assets\/assets\/dummy.png?resize=1170%2C548\" alt=\"\" title=\"web2026\" width=\"1170\" height=\"548\" class=\"rev-slidebg tp-rs-img rs-lazyload\" data-lazyload=\"\/\/www.taboryselitou.cz\/wp-content\/uploads\/2025\/12\/web2026.jpg\" data-bg=\"p:58% 45%;\" data-no-retina>\n<!--\n\t\t\t\t\t\t\t--><a\n\t\t\t\t\t\t\t\tid=\"slider-1-slide-2-layer-3\" \n\t\t\t\t\t\t\t\tclass=\"rs-layer rev-btn\"\n\t\t\t\t\t\t\t\thref=\"https:\/\/docs.google.com\/forms\/d\/e\/1FAIpQLSdqwhA6_RLEGOqFvRC-J75lwH0vs1_66CSLmvBxobwEXljg_g\/viewform\" target=\"_blank\" rel=\"noopener\"\n\t\t\t\t\t\t\t\tdata-type=\"button\"\n\t\t\t\t\t\t\t\tdata-color=\"#000000\"\n\t\t\t\t\t\t\t\tdata-rsp_ch=\"on\"\n\t\t\t\t\t\t\t\tdata-xy=\"x:c;xo:38px,33px,25px,15px;y:b;yo:202px,176px,133px,82px;\"\n\t\t\t\t\t\t\t\tdata-text=\"w:normal;s:29,25,18,11;l:62,54,41,25;fw:500;a:center;\"\n\t\t\t\t\t\t\t\tdata-dim=\"w:382,334,253,156;minh:0,none,none,none;\"\n\t\t\t\t\t\t\t\tdata-padding=\"r:39,34,26,16;l:39,34,26,16;\"\n\t\t\t\t\t\t\t\tdata-border=\"bor:16px,16px,16px,16px;\"\n\t\t\t\t\t\t\t\tdata-frame_999=\"o:0;st:w;\"\n\t\t\t\t\t\t\t\tdata-frame_hover=\"c:#fff;bgc:#000;bor:16px,16px,16px,16px;\"\n\t\t\t\t\t\t\t\tstyle=\"z-index:7;background-color:rgba(255,255,255,1);font-family:'Roboto';\"\n\t\t\t\t\t\t\t>P\u0159ihla\u0161ov\u00e1n\u00ed spu\u0161t\u011bno \n\t\t\t\t\t\t\t<\/a><!--\n-->\t\t\t\t\t\t<\/rs-slide>\n\t\t\t\t\t<\/rs-slides>\n\t\t\t\t<\/rs-module>\n\t\t\t\t<script>\n\t\t\t\t\tsetREVStartSize({c: 'rev_slider_1_1',rl:[1240,1024,768,480],el:[800,768,960,850],gw:[1170,1024,778,480],gh:[800,768,960,850],type:'standard',justify:'',layout:'fullwidth',mh:\"0\"});if (window.RS_MODULES!==undefined && window.RS_MODULES.modules!==undefined && window.RS_MODULES.modules[\"revslider11\"]!==undefined) {window.RS_MODULES.modules[\"revslider11\"].once = false;window.revapi1 = undefined;if (window.RS_MODULES.checkMinimal!==undefined) window.RS_MODULES.checkMinimal()}\n\t\t\t\t<\/script>\n\t\t\t<\/rs-module-wrap>\n\t\t\t<!-- END REVOLUTION SLIDER -->\n[\/vc_column_inner][\/vc_row_inner][vc_empty_space height=&#8221;4.7em&#8221; alter_height=&#8221;none&#8221; hide_on_desktop=&#8221;&#8221; hide_on_notebook=&#8221;&#8221; hide_on_tablet=&#8221;&#8221; hide_on_mobile=&#8221;&#8221;][vc_column_text]<\/p>\n<h5 style=\"text-align: center;\">Rekrea\u010dn\u00ed st\u0159edisko B\u0159ezina<\/h5>\n<h5 style=\"text-align: center;\">2.8. &#8211; 15.8. 2026<\/h5>\n<h5 style=\"text-align: center;\">T\u00e9ma CTH &#8211; Tajemstv\u00ed star\u00e9 bambitky<\/h5>\n<h5 style=\"text-align: center;\">Cena: 7 900 K\u010d<\/h5>\n<h5 style=\"text-align: center;\">Stav p\u0159ihl\u00e1\u0161en\u00fdch d\u011bt\u00ed k 27.2.2026 :<br \/>\nobsazenost 100% &#8211; p\u0159ij\u00edm\u00e1me n\u00e1hradn\u00edky<\/h5>\n<p>[\/vc_column_text][vc_empty_space hide_on_desktop=&#8221;&#8221; hide_on_notebook=&#8221;&#8221; hide_on_tablet=&#8221;&#8221; hide_on_mobile=&#8221;&#8221;][vc_empty_space hide_on_desktop=&#8221;&#8221; hide_on_notebook=&#8221;&#8221; hide_on_tablet=&#8221;&#8221; hide_on_mobile=&#8221;&#8221;]<div class=\"sc_item_button sc_button_wrap sc_align_center\"><a href=\"https:\/\/docs.google.com\/forms\/d\/e\/1FAIpQLSdqwhA6_RLEGOqFvRC-J75lwH0vs1_66CSLmvBxobwEXljg_g\/viewform\" id=\"sc_button_2016963733\" class=\"sc_button color_style_default sc_button_default sc_button_size_normal sc_button_icon_left\" target=\"_blank\"><span class=\"sc_button_text\"><span class=\"sc_button_title\">P\u0159ihla\u0161ov\u00e1n\u00ed spu\u0161t\u011bno<\/span><\/span><!-- \/.sc_button_text --><\/a><!-- \/.sc_button --><\/div><!-- \/.sc_item_button -->[vc_empty_space hide_on_desktop=&#8221;&#8221; hide_on_notebook=&#8221;&#8221; hide_on_tablet=&#8221;&#8221; hide_on_mobile=&#8221;&#8221;][\/vc_column][\/vc_row][vc_row full_width=&#8221;stretch_row&#8221; content_placement=&#8221;middle&#8221; scheme=&#8221;dark&#8221; hide_bg_image_on_tablet=&#8221;&#8221; hide_bg_image_on_mobile=&#8221;&#8221; css=&#8221;.vc_custom_1511433851422{background-color: #fcc044 !important;}&#8221;][vc_column width=&#8221;1\/2&#8243;][vc_empty_space height=&#8221;1.3em&#8221; alter_height=&#8221;none&#8221; hide_on_desktop=&#8221;&#8221; hide_on_notebook=&#8221;&#8221; hide_on_tablet=&#8221;&#8221; hide_on_mobile=&#8221;&#8221;]<div id=\"sc_title_34923894\"\n\t\tclass=\"sc_title color_style_dark scheme_dark sc_title_default title_bigger\"><h6 class=\"sc_item_subtitle sc_title_subtitle sc_align_left sc_item_title_style_default\">U\u017e se to bl\u00ed\u017e\u00ed!<\/h6><h4 class=\"sc_item_title sc_title_title sc_align_left sc_item_title_style_default sc_item_title_tag\">Do zah\u00e1jen\u00ed t\u00e1bora zb\u00fdv\u00e1:<\/h4><\/div><!-- \/.sc_title -->[vc_empty_space height=&#8221;1em&#8221; alter_height=&#8221;none&#8221; hide_on_desktop=&#8221;&#8221; hide_on_notebook=&#8221;&#8221; hide_on_tablet=&#8221;&#8221; hide_on_mobile=&#8221;&#8221;][\/vc_column][vc_column width=&#8221;1\/2&#8243;][vc_empty_space height=&#8221;1.5em&#8221; alter_height=&#8221;none&#8221; hide_on_desktop=&#8221;&#8221; hide_on_notebook=&#8221;&#8221; hide_on_tablet=&#8221;&#8221; hide_on_mobile=&#8221;&#8221;]<div id=\"sc_countdown_939469617\"\n\t\tclass=\"sc_countdown sc_countdown_default alignright\"\t\tdata-date=\"2026-08-02\"\n        data-time=\"09:30:00\"\n>    <div class=\"sc_countdown_content sc_item_content\">\n\n    \t<div class=\"sc_countdown_inner\"><div class=\"sc_countdown_item sc_countdown_days\">\t\t\t\t<span class=\"sc_countdown_digits\"><span><\/span><span><\/span><span><\/span><\/span>\n\t\t\t\t<span class=\"sc_countdown_label\">Dn\u016f<\/span>\n\t\t\t <\/div><div class=\"sc_countdown_separator\">:<\/div><div class=\"sc_countdown_item sc_countdown_hours\">\t\t\t\t<span class=\"sc_countdown_digits\"><span><\/span><span><\/span><\/span>\n\t\t\t\t<span class=\"sc_countdown_label\">Hodin<\/span>\n\t\t\t<\/div><div class=\"sc_countdown_separator\">:<\/div><div class=\"sc_countdown_item sc_countdown_minutes\">\t\t\t\t<span class=\"sc_countdown_digits\"><span><\/span><span><\/span><\/span>\n\t\t\t\t<span class=\"sc_countdown_label\">Minut<\/span>\n\t\t\t<\/div><div class=\"sc_countdown_separator\">:<\/div><div class=\"sc_countdown_item sc_countdown_seconds\">\t\t\t\t<span class=\"sc_countdown_digits\"><span><\/span><span><\/span><\/span>\n\t\t\t\t<span class=\"sc_countdown_label\">Sekund<\/span>\n\t\t\t<\/div><div class=\"sc_countdown_placeholder hide\"><\/div>\n\n         <\/div>\n\t\t\n\t<\/div><\/div>[vc_empty_space height=&#8221;1em&#8221; alter_height=&#8221;none&#8221; hide_on_desktop=&#8221;&#8221; hide_on_notebook=&#8221;&#8221; hide_on_tablet=&#8221;&#8221; hide_on_mobile=&#8221;&#8221;][\/vc_column][\/vc_row][vc_row full_width=&#8221;stretch_row&#8221; content_placement=&#8221;middle&#8221; scheme=&#8221;dark&#8221; hide_bg_image_on_tablet=&#8221;&#8221; hide_bg_image_on_mobile=&#8221;&#8221; css=&#8221;.vc_custom_1511433851422{background-color: #fcc044 !important;}&#8221;][vc_column][vc_empty_space height=&#8221;1.3em&#8221; alter_height=&#8221;none&#8221; hide_on_desktop=&#8221;&#8221; hide_on_notebook=&#8221;&#8221; hide_on_tablet=&#8221;&#8221; hide_on_mobile=&#8221;&#8221;][vc_empty_space height=&#8221;0.8em&#8221; alter_height=&#8221;none&#8221; hide_on_desktop=&#8221;&#8221; hide_on_notebook=&#8221;&#8221; hide_on_tablet=&#8221;&#8221; hide_on_mobile=&#8221;1&#8243;][\/vc_column][\/vc_row][vc_row][vc_column][vc_empty_space height=&#8221;2.8em&#8221; alter_height=&#8221;none&#8221; hide_on_desktop=&#8221;&#8221; hide_on_notebook=&#8221;&#8221; hide_on_tablet=&#8221;&#8221; hide_on_mobile=&#8221;1&#8243;][\/vc_column][\/vc_row][vc_row full_width=&#8221;stretch_row&#8221; scheme=&#8221;dark&#8221; hide_bg_image_on_tablet=&#8221;&#8221; hide_bg_image_on_mobile=&#8221;&#8221; css=&#8221;.vc_custom_1510926644120{background-color: #fcc044 !important;}&#8221;][vc_column icons_position=&#8221;left&#8221;][\/vc_column][\/vc_row][vc_row full_width=&#8221;stretch_row_content&#8221; hide_bg_image_on_tablet=&#8221;&#8221; hide_bg_image_on_mobile=&#8221;&#8221; css=&#8221;.vc_custom_1511181618364{background: #899131 url(https:\/\/www.taboryselitou.cz\/wp-content\/uploads\/2017\/11\/green_bg.jpg?id=400) !important;background-position: center !important;background-repeat: no-repeat !important;background-size: cover !important;}&#8221;][vc_column icons_position=&#8221;left&#8221;][vc_empty_space height=&#8221;5em&#8221; alter_height=&#8221;none&#8221; hide_on_desktop=&#8221;&#8221; hide_on_notebook=&#8221;&#8221; hide_on_tablet=&#8221;&#8221; hide_on_mobile=&#8221;&#8221;][vc_empty_space height=&#8221;3.3em&#8221; alter_height=&#8221;none&#8221; hide_on_desktop=&#8221;&#8221; hide_on_notebook=&#8221;&#8221; hide_on_tablet=&#8221;1&#8243; hide_on_mobile=&#8221;1&#8243;]<div id=\"sc_title_871697201\"\n\t\tclass=\"sc_title color_style_link3 scheme_dark sc_title_default\"><h3 class=\"sc_item_title sc_title_title sc_align_center sc_item_title_style_default\">Co o n\u00e1s napsali:<\/h3><\/div><!-- \/.sc_title -->[vc_empty_space height=&#8221;1.4em&#8221; alter_height=&#8221;none&#8221; hide_on_desktop=&#8221;&#8221; hide_on_notebook=&#8221;&#8221; hide_on_tablet=&#8221;&#8221; hide_on_mobile=&#8221;&#8221;]<div class=\"sc_testimonials color_style_default scheme_dark sc_testimonials_simple\"><div class=\"sc_testimonials_slider sc_item_slider slider_swiper_outer slider_outer slider_outer_controls slider_outer_controls_side slider_outer_pagination slider_outer_pagination_custom slider_outer_pagination_pos_bottom slider_outer_one\">\n\t<div class=\"slider_container swiper-slider-container slider_swiper slider_noresize slider_controls slider_controls_side slider_pagination slider_pagination_custom slider_pagination_pos_bottom slider_one\" data-slides-min-width=\"290\" data-pagination=\"custom\">\n\t\t<div class=\"slides slider-wrapper swiper-wrapper sc_item_columns_1\"><div class=\"slider-slide swiper-slide\"><div class=\"sc_testimonials_item\">\n\t<div class=\"sc_testimonials_item_content\"><p>&#8220;D\u011btsk\u00fd t\u00e1bor byl naprosto \u00fa\u017easn\u00fd! Skv\u011bl\u00fd program, p\u0159\u00e1telsk\u00fd person\u00e1l, bezpe\u010dn\u00e9 prost\u0159ed\u00ed. Syn si u\u017eil spoustu her, v\u00fdtvarn\u00fdch aktivit a na\u0161el si velkou spoustu nov\u00fdch kamar\u00e1d\u016f. Velmi doporu\u010dujeme!&#8221; A.D.<\/p>\n<\/div>\n\t<div class=\"sc_testimonials_item_author\">\n\t\t<div class=\"sc_testimonials_item_author_data\">\n\t\t\t<h4 class=\"sc_testimonials_item_author_title\">Alice<\/h4>\n\t\t\t<div class=\"sc_testimonials_item_author_subtitle\"><\/div>\n\t\t<\/div>\n\t<\/div>\n<\/div>\n<\/div><div class=\"slider-slide swiper-slide\"><div class=\"sc_testimonials_item\">\n\t<div class=\"sc_testimonials_item_content\"><p>&#8220;Par\u00e1dn\u00ed z\u00e1\u017eitek pro na\u0161i dceru! Skv\u011bl\u00fd program a p\u0159\u00e1tel\u0161t\u00ed vedouc\u00ed. P\u0159\u00ed\u0161t\u00ed rok pojedeme znovu.&#8221;<\/p>\n<\/div>\n\t<div class=\"sc_testimonials_item_author\">\n\t\t<div class=\"sc_testimonials_item_author_data\">\n\t\t\t<h4 class=\"sc_testimonials_item_author_title\">David<\/h4>\n\t\t\t<div class=\"sc_testimonials_item_author_subtitle\"><\/div>\n\t\t<\/div>\n\t<\/div>\n<\/div>\n<\/div><div class=\"slider-slide swiper-slide\"><div class=\"sc_testimonials_item\">\n\t<div class=\"sc_testimonials_item_content\"><p>&#8220;D\u011bkujeme Zde\u0148kovi a Eli\u0161ce, \u017ee do toho \u0161li. P\u0159ejeme spoustu dal\u0161\u00edch uskute\u010dn\u011bn\u00fdch t\u00e1bor\u016f a spokojen\u00fdch d\u011bt\u00ed.&#8221;<\/p>\n<\/div>\n\t<div class=\"sc_testimonials_item_author\">\n\t\t<div class=\"sc_testimonials_item_author_data\">\n\t\t\t<h4 class=\"sc_testimonials_item_author_title\">Marek<\/h4>\n\t\t\t<div class=\"sc_testimonials_item_author_subtitle\"><\/div>\n\t\t<\/div>\n\t<\/div>\n<\/div>\n<\/div><\/div><div class=\"slider_controls_wrap\"><a class=\"slider_prev swiper-button-prev\" href=\"#\"><\/a><a class=\"slider_next swiper-button-next\" href=\"#\"><\/a><\/div><\/div><div class=\"slider_pagination_wrap swiper-pagination\"><span class=\"slider-pagination-button swiper-pagination-button\" style=\"background-image: url(https:\/\/i0.wp.com\/www.taboryselitou.cz\/wp-content\/uploads\/2017\/11\/avatar-3.png?resize=90%2C90&#038;ssl=1);\"><\/span><span class=\"slider-pagination-button swiper-pagination-button\" style=\"background-image: url(https:\/\/i0.wp.com\/www.taboryselitou.cz\/wp-content\/uploads\/2017\/11\/avatar-2.png?resize=90%2C90&#038;ssl=1);\"><\/span><span class=\"slider-pagination-button swiper-pagination-button\" style=\"background-image: url(https:\/\/i0.wp.com\/www.taboryselitou.cz\/wp-content\/uploads\/2017\/11\/avatar-4.png?resize=90%2C90&#038;ssl=1);\"><\/span><\/div><\/div><\/div><!-- \/.sc_testimonials -->[vc_empty_space height=&#8221;5em&#8221; alter_height=&#8221;none&#8221; hide_on_desktop=&#8221;&#8221; hide_on_notebook=&#8221;&#8221; hide_on_tablet=&#8221;&#8221; hide_on_mobile=&#8221;&#8221;][vc_empty_space height=&#8221;2.8em&#8221; alter_height=&#8221;none&#8221; hide_on_desktop=&#8221;&#8221; hide_on_notebook=&#8221;&#8221; hide_on_tablet=&#8221;1&#8243; hide_on_mobile=&#8221;1&#8243;][\/vc_column][\/vc_row][vc_row full_width=&#8221;stretch_row&#8221; hide_bg_image_on_tablet=&#8221;&#8221; hide_bg_image_on_mobile=&#8221;&#8221; css=&#8221;.vc_custom_1511279843081{background-color: #fcc044 !important;}&#8221;][vc_column][vc_empty_space height=&#8221;3.65em&#8221; alter_height=&#8221;none&#8221; hide_on_desktop=&#8221;&#8221; hide_on_notebook=&#8221;&#8221; hide_on_tablet=&#8221;&#8221; hide_on_mobile=&#8221;&#8221;][vc_empty_space height=&#8221;1em&#8221; alter_height=&#8221;none&#8221; hide_on_desktop=&#8221;&#8221; hide_on_notebook=&#8221;&#8221; hide_on_tablet=&#8221;1&#8243; hide_on_mobile=&#8221;1&#8243;][\/vc_column][\/vc_row][vc_row full_width=&#8221;stretch_row&#8221; content_placement=&#8221;middle&#8221; scheme=&#8221;dark&#8221; hide_bg_image_on_tablet=&#8221;&#8221; hide_bg_image_on_mobile=&#8221;&#8221; css=&#8221;.vc_custom_1511872420193{background-color: #fcc044 !important;}&#8221; el_class=&#8221;extra_left_align_link&#8221;][vc_column width=&#8221;1\/2&#8243; offset=&#8221;vc_col-md-8&#8243;]<div id=\"sc_title_1508947186\"\n\t\tclass=\"sc_title color_style_dark scheme_dark sc_title_default line_extra\"><h6 class=\"sc_item_subtitle sc_title_subtitle sc_align_left sc_item_title_style_default\">Poprv\u00e9 na t\u00e1bor?<\/h6><h6 class=\"sc_item_title sc_title_title sc_align_left sc_item_title_style_default sc_item_title_tag\">S n\u00e1mi na nic nezapomene\u0161<\/h6><\/div><!-- \/.sc_title -->[\/vc_column][vc_column width=&#8221;1\/2&#8243; offset=&#8221;vc_col-md-4&#8243;][vc_empty_space height=&#8221;1.1em&#8221; alter_height=&#8221;none&#8221; hide_on_desktop=&#8221;&#8221; hide_on_notebook=&#8221;&#8221; hide_on_tablet=&#8221;&#8221; hide_on_mobile=&#8221;&#8221;]<div class=\"sc_item_button sc_button_wrap sc_align_right\"><a href=\"https:\/\/www.taboryselitou.cz\/wp-content\/uploads\/2023\/12\/Seznam-veci-na-tabor_Brezina.pdf\" id=\"sc_button_1223758181\" class=\"sc_button color_style_dark sc_button_default sc_button_size_large sc_button_icon_left\" target=\"_blank\"><span class=\"sc_button_text\"><span class=\"sc_button_title\">Zobrazit seznam v\u011bc\u00ed<\/span><\/span><!-- \/.sc_button_text --><\/a><!-- \/.sc_button --><\/div><!-- \/.sc_item_button -->[vc_empty_space height=&#8221;0.3em&#8221; alter_height=&#8221;none&#8221; hide_on_desktop=&#8221;&#8221; hide_on_notebook=&#8221;&#8221; hide_on_tablet=&#8221;&#8221; hide_on_mobile=&#8221;&#8221;][\/vc_column][\/vc_row][vc_row full_width=&#8221;stretch_row&#8221; hide_bg_image_on_tablet=&#8221;&#8221; hide_bg_image_on_mobile=&#8221;&#8221; css=&#8221;.vc_custom_1511279843081{background-color: #fcc044 !important;}&#8221;][vc_column][vc_empty_space height=&#8221;3.65em&#8221; alter_height=&#8221;none&#8221; hide_on_desktop=&#8221;&#8221; hide_on_notebook=&#8221;&#8221; hide_on_tablet=&#8221;&#8221; hide_on_mobile=&#8221;&#8221;][vc_empty_space height=&#8221;1em&#8221; alter_height=&#8221;none&#8221; hide_on_desktop=&#8221;&#8221; hide_on_notebook=&#8221;&#8221; hide_on_tablet=&#8221;1&#8243; hide_on_mobile=&#8221;1&#8243;][\/vc_column][\/vc_row]<\/p>\n<\/div>","protected":false},"excerpt":{"rendered":"<p>[vc_row][vc_column fix_column=&#8221;&#8221; hide_bg_image_on_tablet=&#8221;&#8221; hide_bg_image_on_mobile=&#8221;&#8221; el_id=&#8221;#areal&#8221;][vc_row_inner][vc_column_inner][\/vc_column_inner][\/vc_row_inner][vc_empty_space height=&#8221;4.7em&#8221; alter_height=&#8221;none&#8221; hide_on_desktop=&#8221;&#8221; hide_on_notebook=&#8221;&#8221; hide_on_tablet=&#8221;&#8221; hide_on_mobile=&#8221;&#8221;][vc_column_text] Rekrea\u010dn\u00ed st\u0159edisko B\u0159ezina 2.8. &#8211; 15.8. 2026 T\u00e9ma CTH &#8211; Tajemstv\u00ed star\u00e9 bambitky Cena: 7 900 K\u010d Stav p\u0159ihl\u00e1\u0161en\u00fdch d\u011bt\u00ed k 27.2.2026 : obsazenost 100% &#8211; p\u0159ij\u00edm\u00e1me n\u00e1hradn\u00edky [\/vc_column_text][vc_empty_space hide_on_desktop=&#8221;&#8221; hide_on_notebook=&#8221;&#8221; hide_on_tablet=&#8221;&#8221; hide_on_mobile=&#8221;&#8221;][vc_empty_space hide_on_desktop=&#8221;&#8221;&hellip;<\/p>\n","protected":false},"author":1,"featured_media":0,"parent":0,"menu_order":0,"comment_status":"closed","ping_status":"closed","template":"","meta":{"footnotes":""},"class_list":["post-289","page","type-page","status-publish","hentry"],"jetpack_sharing_enabled":true,"_links":{"self":[{"href":"https:\/\/www.taboryselitou.cz\/index.php\/wp-json\/wp\/v2\/pages\/289","targetHints":{"allow":["GET"]}}],"collection":[{"href":"https:\/\/www.taboryselitou.cz\/index.php\/wp-json\/wp\/v2\/pages"}],"about":[{"href":"https:\/\/www.taboryselitou.cz\/index.php\/wp-json\/wp\/v2\/types\/page"}],"author":[{"embeddable":true,"href":"https:\/\/www.taboryselitou.cz\/index.php\/wp-json\/wp\/v2\/users\/1"}],"replies":[{"embeddable":true,"href":"https:\/\/www.taboryselitou.cz\/index.php\/wp-json\/wp\/v2\/comments?post=289"}],"version-history":[{"count":66,"href":"https:\/\/www.taboryselitou.cz\/index.php\/wp-json\/wp\/v2\/pages\/289\/revisions"}],"predecessor-version":[{"id":3564,"href":"https:\/\/www.taboryselitou.cz\/index.php\/wp-json\/wp\/v2\/pages\/289\/revisions\/3564"}],"wp:attachment":[{"href":"https:\/\/www.taboryselitou.cz\/index.php\/wp-json\/wp\/v2\/media?parent=289"}],"curies":[{"name":"wp","href":"https:\/\/api.w.org\/{rel}","templated":true}]}}