{"id":590,"date":"2019-03-11T14:14:53","date_gmt":"2019-03-11T14:14:53","guid":{"rendered":"https:\/\/www.taboryselitou.cz\/?page_id=590"},"modified":"2024-12-21T11:53:52","modified_gmt":"2024-12-21T11:53:52","slug":"o_nas","status":"publish","type":"page","link":"https:\/\/www.taboryselitou.cz\/index.php\/o_nas\/","title":{"rendered":"O n\u00e1s"},"content":{"rendered":"<div class=\"wpb-content-wrapper\"><p>[vc_row][vc_column][vc_column_text]<\/p>\n<h2 style=\"text-align: center;\">O n\u00e1s<\/h2>\n<p>Jsme parta vedouc\u00edch, kter\u00e1 jezd\u00ed jezd\u00ed spolu na d\u011btsk\u00fd t\u00e1bor v\u00edc jak 10 let. Do roku 2022 jsme jezdili na LTD HRYZELY 3.b\u011bh na kter\u00e9m bylo pravideln\u011b p\u0159es 200 d\u011bt\u00ed. Bohu\u017eel majitel\u00e9 t\u00e1bora se rozhodli are\u00e1l prodat. Po prodeji are\u00e1lu, jsme se rozhodli za\u010d\u00edt s t\u00e1bory jinde a s nov\u00fdm jm\u00e9nem. Nejsme tedy \u017e\u00e1dn\u00ed nov\u00e1\u010dkov\u00e9, ale naopak lety prov\u011b\u0159en\u00ed a zku\u0161en\u00ed vedouc\u00ed.<\/p>\n<p>Pro rok 2025 jsme ji\u017e podruh\u00e9 vybrali are\u00e1l u \u0159eky S\u00e1zavy v term\u00ednu od 27.7. do 8.8 s kapacitou are\u00e1lu cca 110 d\u011bt\u00ed. M\u00e1me zaveden\u00fd syst\u00e9m, p\u0159ipraven\u00e9 a propracovan\u00e9 celot\u00e1borov\u00e9 hry, kter\u00e1 n\u00e1s prov\u00e1z\u00ed cel\u00fd t\u00e1bor. Ka\u017ed\u00fd den za\u010d\u00edn\u00e1me kr\u00e1tk\u00fdmi a vtipn\u00fdmi sc\u00e9nkami, kter\u00e9 d\u011bti vt\u00e1hnou do d\u011bje a motivuj\u00ed je na celot\u00e1borovou hru, kter\u00e1 je ten den \u010dek\u00e1. Pro leto\u0161n\u00ed rok se budou sc\u00e9nky a cel\u00e9 t\u00e9ma to\u010dit kolem legend\u00e1rn\u00ed poh\u00e1dky \u201eA\u0165 \u017eij\u00ed duchov\u00e9\u201c, ale v\u0161e bude tak trochu po na\u0161em J.<\/p>\n<p>D\u011bti jsou rozd\u011bleny do odd\u00edl\u016f a ka\u017ed\u00fd m\u00e1 sv\u00e9ho odd\u00edl\u00e1ka, co\u017e pro d\u011bti je v podstat\u011b na 14 dn\u00ed n\u00e1hradn\u00ed mamka, ta\u0165ka a hlavn\u011b NEJ kamar\u00e1d v jedn\u00e9 osob\u011b. Pr\u00e1v\u011b tyto odd\u00edly mezi sebou soupe\u0159\u00ed b\u011bhem cel\u00e9ho t\u00e1bora. V r\u00e1mci odd\u00edl\u016f pak prob\u00edhaj\u00ed dal\u0161\u00ed hry a sout\u011b\u017ee, kter\u00e9 si p\u0159ipravuje konkr\u00e9tn\u00ed odd\u00edlov\u00fd vedouc\u00ed, nebo vedouc\u00ed mezi sebou pro v\u00edce odd\u00edl\u016f. Odd\u00edly m\u00e1me sm\u00ed\u0161en\u00e9, tedy kluci a holky dohromady. V chati\u010dk\u00e1ch sp\u00ed v\u017edy odd\u011blen\u011b. V r\u00e1mci odd\u00edlu se sna\u017e\u00edme m\u00edt d\u011bti stejn\u00e9 v\u011bkov\u00e9 kategorie, tak abychom pro n\u011b mohli uzp\u016fsobit program a hry.<\/p>\n<p>Mezi dal\u0161\u00ed \u010dinnosti, do kter\u00fdch se zapojuje cel\u00fd t\u00e1bor a jsou u n\u00e1s dlouhodob\u011b zaveden\u00e9, pat\u0159\u00ed obl\u00edben\u00e9 diskot\u00e9ky, op\u00e9k\u00e1n\u00ed bu\u0159t\u016f, kytara, letn\u00ed kino, celodenn\u00ed v\u00fdlet, t\u00e1borov\u00e1 olympi\u00e1da.<\/p>\n<p>Strava je pro d\u011bti zaji\u0161\u0165ovan\u00e1 v\u017edy \u010derstv\u00e1 a pestr\u00e1 z vlastn\u00ed kuchyn\u011b. D\u011bti maj\u00ed k dispozici stravu 5 a\u017e 6 denn\u011b (sn\u00eddan\u011b, dopoledn\u00ed sva\u010dina, ob\u011bd v\u010detn\u011b pol\u00e9vky, odpoledn\u00ed sva\u010dina, ve\u010de\u0159e a p\u0159\u00edpadn\u011b druh\u00e1 ve\u010de\u0159e). Po cel\u00fd den je zaji\u0161t\u011bn\u00fd pitn\u00fd re\u017eim (voda, \u010daj, \u0161\u0165\u00e1va).<\/p>\n<p>D\u011btem, kter\u00e9 pojedou na t\u00e1bor poprv\u00e9, v\u011bnujeme n\u00e1le\u017eitou p\u00e9\u010di, aby jejich adaptace na t\u00e1borov\u00e9 prost\u0159ed\u00ed prob\u011bhla hladce (individu\u00e1ln\u00ed p\u0159\u00edstup, \u010dten\u00ed poh\u00e1dek p\u0159ed span\u00edm atd.). U odd\u00edlu ve kter\u00e9m jsou mlad\u0161\u00ed d\u011bti, je proto v\u017edy i pomocn\u00fd vedouc\u00ed.<\/p>\n<p>Na na\u0161em t\u00e1bo\u0159e lze poskytnout bezlepkovou a bezlakt\u00f3zovou stravu, po p\u0159edchoz\u00ed dohod\u011b s hlavn\u00edm vedouc\u00edm.<\/p>\n<p>Na \u00fahradu pobytu lze \u010derpat i p\u0159\u00edsp\u011bvky od zam\u011bstnavatel\u016f (fondy FKSP, dle jejich podm\u00ednek), r\u00e1di vystav\u00edme fakturu, sta\u010d\u00ed napsat mail nebo zavolat.<\/p>\n<p>Po skon\u010den\u00ed pobytu vystav\u00edme na po\u017e\u00e1d\u00e1n\u00ed potvrzen\u00ed pro poji\u0161\u0165ovny na \u010derp\u00e1n\u00ed p\u0159\u00edsp\u011bvk\u016f.<\/p>\n<p>P\u0159\u00edsp\u011bvek pro rodi\u010de poskytuje i \u00da\u0159ad pr\u00e1ce, jejich\u017e p\u0159\u00edjem se nach\u00e1z\u00ed na hranici minima. O p\u0159\u00edsp\u011bvek lze \u017e\u00e1dat na \u00da\u0159adu pr\u00e1ce dle Va\u0161eho bydli\u0161t\u011b.<\/p>\n<p>T\u00e1bor je vhodn\u00fd pro d\u011bti od 7 do 15 let v\u011bku, po dohod\u011b lze p\u0159imhou\u0159it oko a domluvit se na v\u00fdjimce.<\/p>\n<p><em>Zden\u011bk Bernard \u2013 Hlavn\u00ed vedouc\u00ed t\u00e1bora s akreditac\u00ed od Ministersta \u0160kostv\u00ed, Ml\u00e1de\u017ee a T\u011blov\u00fdchovy \u010cR<\/em>[\/vc_column_text][vc_empty_space height=&#8221;3em&#8221; alter_height=&#8221;none&#8221; hide_on_mobile=&#8221;3,2&#8243;][vc_empty_space height=&#8221;2.9em&#8221; alter_height=&#8221;none&#8221; hide_on_desktop=&#8221;&#8221; hide_on_notebook=&#8221;&#8221; hide_on_tablet=&#8221;&#8221; hide_on_mobile=&#8221;&#8221;][\/vc_column][\/vc_row]<\/p>\n<\/div>","protected":false},"excerpt":{"rendered":"<p>[vc_row][vc_column][vc_column_text] O n\u00e1s Jsme parta vedouc\u00edch, kter\u00e1 jezd\u00ed jezd\u00ed spolu na d\u011btsk\u00fd t\u00e1bor v\u00edc jak 10 let. Do roku 2022 jsme jezdili na LTD HRYZELY 3.b\u011bh na kter\u00e9m bylo pravideln\u011b p\u0159es 200 d\u011bt\u00ed. Bohu\u017eel majitel\u00e9 t\u00e1bora se rozhodli are\u00e1l prodat. Po prodeji are\u00e1lu, jsme se&hellip;<\/p>\n","protected":false},"author":1,"featured_media":0,"parent":0,"menu_order":0,"comment_status":"closed","ping_status":"closed","template":"","meta":{"footnotes":""},"class_list":["post-590","page","type-page","status-publish","hentry"],"jetpack_sharing_enabled":true,"_links":{"self":[{"href":"https:\/\/www.taboryselitou.cz\/index.php\/wp-json\/wp\/v2\/pages\/590","targetHints":{"allow":["GET"]}}],"collection":[{"href":"https:\/\/www.taboryselitou.cz\/index.php\/wp-json\/wp\/v2\/pages"}],"about":[{"href":"https:\/\/www.taboryselitou.cz\/index.php\/wp-json\/wp\/v2\/types\/page"}],"author":[{"embeddable":true,"href":"https:\/\/www.taboryselitou.cz\/index.php\/wp-json\/wp\/v2\/users\/1"}],"replies":[{"embeddable":true,"href":"https:\/\/www.taboryselitou.cz\/index.php\/wp-json\/wp\/v2\/comments?post=590"}],"version-history":[{"count":12,"href":"https:\/\/www.taboryselitou.cz\/index.php\/wp-json\/wp\/v2\/pages\/590\/revisions"}],"predecessor-version":[{"id":2015,"href":"https:\/\/www.taboryselitou.cz\/index.php\/wp-json\/wp\/v2\/pages\/590\/revisions\/2015"}],"wp:attachment":[{"href":"https:\/\/www.taboryselitou.cz\/index.php\/wp-json\/wp\/v2\/media?parent=590"}],"curies":[{"name":"wp","href":"https:\/\/api.w.org\/{rel}","templated":true}]}}